{"id":319,"date":"2023-03-19T09:25:36","date_gmt":"2023-03-19T08:25:36","guid":{"rendered":"http:\/\/10.0.0.65\/wordpress\/?page_id=319"},"modified":"2023-07-09T21:36:05","modified_gmt":"2023-07-09T19:36:05","slug":"kontakt","status":"publish","type":"page","link":"https:\/\/bregnefaret.no\/?page_id=319","title":{"rendered":"Kontakt"},"content":{"rendered":"\t\t<div data-elementor-type=\"wp-page\" data-elementor-id=\"319\" class=\"elementor elementor-319\">\n\t\t\t\t\t\t\t\t\t<section class=\"elementor-section elementor-top-section elementor-element elementor-element-6508de3 elementor-section-boxed elementor-section-height-default elementor-section-height-default\" data-id=\"6508de3\" data-element_type=\"section\">\n\t\t\t\t\t\t<div class=\"elementor-container elementor-column-gap-default\">\n\t\t\t\t\t<div class=\"elementor-column elementor-col-100 elementor-top-column elementor-element elementor-element-ba15ac0\" data-id=\"ba15ac0\" data-element_type=\"column\">\n\t\t\t<div class=\"elementor-widget-wrap elementor-element-populated\">\n\t\t\t\t\t\t\t\t<div class=\"elementor-element elementor-element-06894fb elementor-widget elementor-widget-heading\" data-id=\"06894fb\" data-element_type=\"widget\" data-widget_type=\"heading.default\">\n\t\t\t\t<div class=\"elementor-widget-container\">\n\t\t\t<style>\/*! elementor - v3.11.5 - 14-03-2023 *\/\n.elementor-heading-title{padding:0;margin:0;line-height:1}.elementor-widget-heading .elementor-heading-title[class*=elementor-size-]>a{color:inherit;font-size:inherit;line-height:inherit}.elementor-widget-heading .elementor-heading-title.elementor-size-small{font-size:15px}.elementor-widget-heading .elementor-heading-title.elementor-size-medium{font-size:19px}.elementor-widget-heading .elementor-heading-title.elementor-size-large{font-size:29px}.elementor-widget-heading .elementor-heading-title.elementor-size-xl{font-size:39px}.elementor-widget-heading .elementor-heading-title.elementor-size-xxl{font-size:59px}<\/style><h1 class=\"elementor-heading-title elementor-size-default\"><img decoding=\"async\" src=\"https:\/\/bregnefaret.no\/wp-content\/uploads\/2023\/03\/icons8-communication-100.png\" alt=\"Kontakt\" width=\"50\"> Kontakt<\/h1>\t\t<\/div>\n\t\t\t\t<\/div>\n\t\t\t\t\t<\/div>\n\t\t<\/div>\n\t\t\t\t\t\t\t<\/div>\n\t\t<\/section>\n\t\t\t\t<section class=\"elementor-section elementor-top-section elementor-element elementor-element-297c4dc elementor-section-boxed elementor-section-height-default elementor-section-height-default\" data-id=\"297c4dc\" data-element_type=\"section\">\n\t\t\t\t\t\t<div class=\"elementor-container elementor-column-gap-default\">\n\t\t\t\t\t<div class=\"elementor-column elementor-col-50 elementor-top-column elementor-element elementor-element-f8db3bd\" data-id=\"f8db3bd\" data-element_type=\"column\">\n\t\t\t<div class=\"elementor-widget-wrap elementor-element-populated\">\n\t\t\t\t\t\t\t\t<div class=\"elementor-element elementor-element-76c4694 elementor-widget elementor-widget-html\" data-id=\"76c4694\" data-element_type=\"widget\" data-widget_type=\"html.default\">\n\t\t\t\t<div class=\"elementor-widget-container\">\n\t\t\t<div class=\"p2Blokk\">\n    <div class=\"p2Overskrift\">\n        Bestille n\u00f8kler eller garasjeport\u00e5pner\n    <\/div>\n    <div class=\"p2Tekst\">\n        <u>N\u00f8kkel til inngangsd\u00f8r<\/u><br \/>\n        For bestilling av n\u00f8kkel til din egen inngangsd\u00f8r,<br \/>\n        send en e-post til:<br \/>\n        <ul>\n            <li><a href=\"mailto:styret@bregnefaret.no\" target=\"_blank\">styret@bregnefaret.no<\/a><\/li>\n        <\/ul>\n        \n        <u>Garasjeport\u00e5pner<\/u><br \/>\n        Hvis du vil bestille en ny\/ekstra garasjeport\u00e5pner, m\u00e5 du bestille denne selv hos <a href=\"http:\/\/norport.no\/\" target=\"_blank\">Norport<\/a> og samtidig opplyse om at den skal benyttes i Bregnefaret sameie, Bregnefaret 3, 1405 Langhus.<br \/><br \/>\n        Bestillingen sendes p\u00e5 e-post til:<br \/>\n        <ul>\n            <li><a href=\"mailto:post@norport.no\" target=\"_blank\">post@norport.no<\/a><\/li>\n        <\/ul>\n        Ta kontakt med styret n\u00e5r du har mottatt port\u00e5pneren, da den m\u00e5 programmeres for \u00e5 fungere mot v\u00e5r garasjeport.\n\n    <\/div>\n<\/div>\t\t<\/div>\n\t\t\t\t<\/div>\n\t\t\t\t\t<\/div>\n\t\t<\/div>\n\t\t\t\t<div class=\"elementor-column elementor-col-50 elementor-top-column elementor-element elementor-element-4f43418\" data-id=\"4f43418\" data-element_type=\"column\">\n\t\t\t<div class=\"elementor-widget-wrap elementor-element-populated\">\n\t\t\t\t\t\t\t\t<div class=\"elementor-element elementor-element-7292b89 elementor-widget elementor-widget-html\" data-id=\"7292b89\" data-element_type=\"widget\" data-widget_type=\"html.default\">\n\t\t\t\t<div class=\"elementor-widget-container\">\n\t\t\t<div class=\"p2Blokk\">\n    <div class=\"p2Overskrift\">\n        Kontakt styret\n    <\/div>\n    <div class=\"p2Tekst\">\n        E-post:<br \/>\n        <ul>\n            <li><a href=\"mailto:styret@bregnefaret.no\" target=\"_blank\">styret@bregnefaret.no<\/a><\/li>\n        <\/ul>\n        \n        <u>Styrets sammensetning:<\/u><br \/>\n        (Gjeldende fra mai 2023.)\n        <ul>\n            <li>Unni Strand, styreleder, Bregnefaret 3 F<\/li>\n            <li>Mette Sandnes, styremedlem, Bregnefaret 3 K<\/li>\n            <li>Thore Hvamstad, styremedlem, Bregnefaret 3 K<\/li>\n            <li>Per Arne Hansen, styremedlem, Bregnefaret 3 H<\/li>\n            <li>Gunvor N. Hansen, styremedlem, Bregnefaret 3 K<\/li>\n            <li>Sabrina Grimsrud, styremedlem, Bregnefaret 3 C<\/li>\n        <\/ul>\n\n        <u>Valgkomite:<\/u><br \/>\n        (Gjeldende fra mai 2023.)\n        <ul>\n            <li>Lise Tryggestad, Bregnefaret 3 G<\/li>\n            <li>Jan Eriksen, Bregnefaret 3 B<\/li>\n        <\/ul>\n    <\/div>\n<\/div>\t\t<\/div>\n\t\t\t\t<\/div>\n\t\t\t\t\t<\/div>\n\t\t<\/div>\n\t\t\t\t\t\t\t<\/div>\n\t\t<\/section>\n\t\t\t\t<section class=\"elementor-section elementor-top-section elementor-element elementor-element-4eeaf59 elementor-section-boxed elementor-section-height-default elementor-section-height-default\" data-id=\"4eeaf59\" data-element_type=\"section\">\n\t\t\t\t\t\t<div class=\"elementor-container elementor-column-gap-default\">\n\t\t\t\t\t<div class=\"elementor-column elementor-col-50 elementor-top-column elementor-element elementor-element-f911e26\" data-id=\"f911e26\" data-element_type=\"column\">\n\t\t\t<div class=\"elementor-widget-wrap elementor-element-populated\">\n\t\t\t\t\t\t\t\t<div class=\"elementor-element elementor-element-57cb1bc elementor-widget elementor-widget-html\" data-id=\"57cb1bc\" data-element_type=\"widget\" data-widget_type=\"html.default\">\n\t\t\t\t<div class=\"elementor-widget-container\">\n\t\t\t<div class=\"p2Blokk\">\n    <div class=\"p2Overskrift\">\n        Forretningsf\u00f8rer og fakturaadresse\n    <\/div>\n    <div class=\"p2Tekst\">\n        Sameiets forretningsf\u00f8rer er Usbl Ski, som holder til i g\u00e5gata i Ski sentrum, rett ved r\u00e5dhuset.<br \/>\n        Se deres egne sider for \u00e5pningstider m.m.: \n        <a href=\"https:\/\/www.usbl.no\/vare-kontorer\/ski\" target=\"_blank\">Usbl Akershus<\/a>\n        <br \/><br \/>\n        V\u00e5r fakturaadresse:<br \/>\n        <div style=\"margin-left: 30px;\">\n            Bregnefaret Sameie<br \/>\n            918287582<br \/>\n            Postboks 2740<br \/>\n            7439 TRONDHEIM\n        <\/div>\n        <br \/>\n        \n        \n        Alle fakturaer <u>m\u00e5<\/u> inneholde fakturaadressen som nevnt over.\n        Den ferdige fakturaen beh\u00f8ver ikke sendes som brevpost, men kan i stedet sendes p\u00e5 e-post til:<br \/>\n        <ul>\n            <li>\n                <a href=\"mailto:faktura@usbl.no\" target=\"_blank\">faktura@usbl.no<\/a>\n            <\/li>\n        <\/ul>\n    <\/div>\n<\/div>\t\t<\/div>\n\t\t\t\t<\/div>\n\t\t\t\t\t<\/div>\n\t\t<\/div>\n\t\t\t\t<div class=\"elementor-column elementor-col-50 elementor-top-column elementor-element elementor-element-959bb47\" data-id=\"959bb47\" data-element_type=\"column\">\n\t\t\t<div class=\"elementor-widget-wrap elementor-element-populated\">\n\t\t\t\t\t\t\t\t\t<\/div>\n\t\t<\/div>\n\t\t\t\t\t\t\t<\/div>\n\t\t<\/section>\n\t\t\t\t\t\t\t<\/div>\n\t\t","protected":false},"excerpt":{"rendered":"<p>Kontakt Bestille n\u00f8kler eller garasjeport\u00e5pner N\u00f8kkel til inngangsd\u00f8r For bestilling av n\u00f8kkel til din egen inngangsd\u00f8r, send en e-post til: styret@bregnefaret.no Garasjeport\u00e5pner Hvis du vil bestille en ny\/ekstra garasjeport\u00e5pner, m\u00e5 &#8230;<\/p>\n","protected":false},"author":1,"featured_media":0,"parent":0,"menu_order":0,"comment_status":"closed","ping_status":"closed","template":"elementor_header_footer","meta":[],"_links":{"self":[{"href":"https:\/\/bregnefaret.no\/index.php?rest_route=\/wp\/v2\/pages\/319"}],"collection":[{"href":"https:\/\/bregnefaret.no\/index.php?rest_route=\/wp\/v2\/pages"}],"about":[{"href":"https:\/\/bregnefaret.no\/index.php?rest_route=\/wp\/v2\/types\/page"}],"author":[{"embeddable":true,"href":"https:\/\/bregnefaret.no\/index.php?rest_route=\/wp\/v2\/users\/1"}],"replies":[{"embeddable":true,"href":"https:\/\/bregnefaret.no\/index.php?rest_route=%2Fwp%2Fv2%2Fcomments&post=319"}],"version-history":[{"count":34,"href":"https:\/\/bregnefaret.no\/index.php?rest_route=\/wp\/v2\/pages\/319\/revisions"}],"predecessor-version":[{"id":794,"href":"https:\/\/bregnefaret.no\/index.php?rest_route=\/wp\/v2\/pages\/319\/revisions\/794"}],"wp:attachment":[{"href":"https:\/\/bregnefaret.no\/index.php?rest_route=%2Fwp%2Fv2%2Fmedia&parent=319"}],"curies":[{"name":"wp","href":"https:\/\/api.w.org\/{rel}","templated":true}]}}