{"id":578,"date":"2023-03-19T12:15:02","date_gmt":"2023-03-19T11:15:02","guid":{"rendered":"http:\/\/10.0.0.65\/wordpress\/?page_id=578"},"modified":"2023-03-19T12:45:35","modified_gmt":"2023-03-19T11:45:35","slug":"vedlikehold-rense-sluk-i-dusjen","status":"publish","type":"page","link":"https:\/\/bregnefaret.no\/?page_id=578","title":{"rendered":"Vedlikehold &#8211; Rense sluk i dusjen"},"content":{"rendered":"\t\t<div data-elementor-type=\"wp-page\" data-elementor-id=\"578\" class=\"elementor elementor-578\">\n\t\t\t\t\t\t\t\t\t<section class=\"elementor-section elementor-top-section elementor-element elementor-element-ddb735d elementor-section-boxed elementor-section-height-default elementor-section-height-default\" data-id=\"ddb735d\" data-element_type=\"section\">\n\t\t\t\t\t\t<div class=\"elementor-container elementor-column-gap-default\">\n\t\t\t\t\t<div class=\"elementor-column elementor-col-100 elementor-top-column elementor-element elementor-element-b1e99ce\" data-id=\"b1e99ce\" data-element_type=\"column\">\n\t\t\t<div class=\"elementor-widget-wrap elementor-element-populated\">\n\t\t\t\t\t\t\t\t<div class=\"elementor-element elementor-element-03e814d elementor-widget elementor-widget-heading\" data-id=\"03e814d\" data-element_type=\"widget\" data-widget_type=\"heading.default\">\n\t\t\t\t<div class=\"elementor-widget-container\">\n\t\t\t<style>\/*! elementor - v3.11.5 - 14-03-2023 *\/\n.elementor-heading-title{padding:0;margin:0;line-height:1}.elementor-widget-heading .elementor-heading-title[class*=elementor-size-]>a{color:inherit;font-size:inherit;line-height:inherit}.elementor-widget-heading .elementor-heading-title.elementor-size-small{font-size:15px}.elementor-widget-heading .elementor-heading-title.elementor-size-medium{font-size:19px}.elementor-widget-heading .elementor-heading-title.elementor-size-large{font-size:29px}.elementor-widget-heading .elementor-heading-title.elementor-size-xl{font-size:39px}.elementor-widget-heading .elementor-heading-title.elementor-size-xxl{font-size:59px}<\/style><h1 class=\"elementor-heading-title elementor-size-default\"><img decoding=\"async\" src=\"https:\/\/bregnefaret.no\/wp-content\/uploads\/2023\/03\/icons8-maintenance-100.png\" alt=\"Vedlikehold\" width=\"50\"> Vedikehold - Rense sluk i dusjen<\/h1>\t\t<\/div>\n\t\t\t\t<\/div>\n\t\t\t\t\t<\/div>\n\t\t<\/div>\n\t\t\t\t\t\t\t<\/div>\n\t\t<\/section>\n\t\t\t\t<section class=\"elementor-section elementor-top-section elementor-element elementor-element-6f80f96 elementor-section-boxed elementor-section-height-default elementor-section-height-default\" data-id=\"6f80f96\" data-element_type=\"section\">\n\t\t\t\t\t\t<div class=\"elementor-container elementor-column-gap-default\">\n\t\t\t\t\t<div class=\"elementor-column elementor-col-100 elementor-top-column elementor-element elementor-element-c50fdff\" data-id=\"c50fdff\" data-element_type=\"column\">\n\t\t\t<div class=\"elementor-widget-wrap elementor-element-populated\">\n\t\t\t\t\t\t\t\t<div class=\"elementor-element elementor-element-9d49816 elementor-widget elementor-widget-html\" data-id=\"9d49816\" data-element_type=\"widget\" data-widget_type=\"html.default\">\n\t\t\t\t<div class=\"elementor-widget-container\">\n\t\t\t<div class=\"VedlikeholdInnledning\">\r\n    \r\nAvhengig av antall personer i husstanden og bruksm\u00f8nster, er det n\u00f8dvendig \u00e5 rense sluket i dusjen 1 til 2 ganger pr \u00e5r.<br \/>\r\nEn god indikasjon p\u00e5 at tiden er kommet, er n\u00e5r vannet blir liggende p\u00e5 gulvet og renner tregt ned i avl\u00f8pet.<br \/><br \/>\r\n\r\nF\u00f8r du starter trenger du:<br \/>\r\n<ul>\r\n    <li>\r\n        B\u00f8tte - til \u00e5 rense vannl\u00e5sen i. Da f\u00e5r du samlet alt av h\u00e5r o.l. ett sted.\r\n    <\/li>\r\n    <li>\r\n        Klut - til \u00e5 t\u00f8rke vanns\u00f8l.\r\n    <\/li>\r\n    <li>\r\n        T\u00f8rkepapir - som et hjelpemiddel ved rensing av vannl\u00e5sen for h\u00e5rrester m.m.\r\n    <\/li>\r\n<\/ul>\r\n\r\n\r\n\r\nPass p\u00e5 at det ikke er ting i n\u00e6rheten som kan falle ned i sluket. Faller det ned i sluket, da blir det borte.<br \/><br \/>\r\n\r\nTid arbeidet tar: 15-20 minutter\r\n<\/div>\r\n\t\t<\/div>\n\t\t\t\t<\/div>\n\t\t\t\t\t<\/div>\n\t\t<\/div>\n\t\t\t\t\t\t\t<\/div>\n\t\t<\/section>\n\t\t\t\t<section class=\"elementor-section elementor-top-section elementor-element elementor-element-3818911 elementor-section-boxed elementor-section-height-default elementor-section-height-default\" data-id=\"3818911\" data-element_type=\"section\">\n\t\t\t\t\t\t<div class=\"elementor-container elementor-column-gap-default\">\n\t\t\t\t\t<div class=\"elementor-column elementor-col-50 elementor-top-column elementor-element elementor-element-753b0e9\" data-id=\"753b0e9\" data-element_type=\"column\">\n\t\t\t<div class=\"elementor-widget-wrap elementor-element-populated\">\n\t\t\t\t\t\t\t\t<div class=\"elementor-element elementor-element-91e5e37 elementor-widget elementor-widget-html\" data-id=\"91e5e37\" data-element_type=\"widget\" data-widget_type=\"html.default\">\n\t\t\t\t<div class=\"elementor-widget-container\">\n\t\t\t<div class=\"VedlikeholdMenyContainer\">\n    <div class=\"VedlikeholdTekst\">\n        1. Fjern slukristen ved \u00e5 ta tak i den runde toppen og dra rett opp.\n    <\/div>\n    <div class=\"VedlikeholdBilde\">\n        <img decoding=\"async\" class=\"\" src=\"https:\/\/bregnefaret.no\/wp-content\/uploads\/2023\/03\/Dusj_01.jpg\" alt=\"Dusj\" \/>\n    <\/div>\n<\/div>\t\t<\/div>\n\t\t\t\t<\/div>\n\t\t\t\t\t<\/div>\n\t\t<\/div>\n\t\t\t\t<div class=\"elementor-column elementor-col-50 elementor-top-column elementor-element elementor-element-8d7a7b0\" data-id=\"8d7a7b0\" data-element_type=\"column\">\n\t\t\t<div class=\"elementor-widget-wrap elementor-element-populated\">\n\t\t\t\t\t\t\t\t<div class=\"elementor-element elementor-element-548283a elementor-widget elementor-widget-html\" data-id=\"548283a\" data-element_type=\"widget\" data-widget_type=\"html.default\">\n\t\t\t\t<div class=\"elementor-widget-container\">\n\t\t\t<div class=\"VedlikeholdMenyContainer\">\n    <div class=\"VedlikeholdTekst\">\n        2. Ta tak i l\u00f8fteringen p\u00e5 toppen av vannl\u00e5sen...\n    <\/div>\n    <div class=\"VedlikeholdBilde\">\n        <img decoding=\"async\" class=\"\" src=\"https:\/\/bregnefaret.no\/wp-content\/uploads\/2023\/03\/Dusj_02.jpg\" alt=\"Dusj\" \/>\n    <\/div>\n<\/div>\t\t<\/div>\n\t\t\t\t<\/div>\n\t\t\t\t\t<\/div>\n\t\t<\/div>\n\t\t\t\t\t\t\t<\/div>\n\t\t<\/section>\n\t\t\t\t<section class=\"elementor-section elementor-top-section elementor-element elementor-element-36956e7 elementor-section-boxed elementor-section-height-default elementor-section-height-default\" data-id=\"36956e7\" data-element_type=\"section\">\n\t\t\t\t\t\t<div class=\"elementor-container elementor-column-gap-default\">\n\t\t\t\t\t<div class=\"elementor-column elementor-col-50 elementor-top-column elementor-element elementor-element-a1a5220\" data-id=\"a1a5220\" data-element_type=\"column\">\n\t\t\t<div class=\"elementor-widget-wrap elementor-element-populated\">\n\t\t\t\t\t\t\t\t<div class=\"elementor-element elementor-element-3275674 elementor-widget elementor-widget-html\" data-id=\"3275674\" data-element_type=\"widget\" data-widget_type=\"html.default\">\n\t\t\t\t<div class=\"elementor-widget-container\">\n\t\t\t<div class=\"VedlikeholdMenyContainer\">\n    <div class=\"VedlikeholdTekst\">\n        3. ... og l\u00f8ft den helt opp av sluket og gulvet.\n    <\/div>\n    <div class=\"VedlikeholdBilde\">\n        <img decoding=\"async\" class=\"\" src=\"https:\/\/bregnefaret.no\/wp-content\/uploads\/2023\/03\/Dusj_03.jpg\" alt=\"Dusj\" \/>\n    <\/div>\n<\/div>\t\t<\/div>\n\t\t\t\t<\/div>\n\t\t\t\t\t<\/div>\n\t\t<\/div>\n\t\t\t\t<div class=\"elementor-column elementor-col-50 elementor-top-column elementor-element elementor-element-3f962b5\" data-id=\"3f962b5\" data-element_type=\"column\">\n\t\t\t<div class=\"elementor-widget-wrap elementor-element-populated\">\n\t\t\t\t\t\t\t\t<div class=\"elementor-element elementor-element-fc7733e elementor-widget elementor-widget-html\" data-id=\"fc7733e\" data-element_type=\"widget\" data-widget_type=\"html.default\">\n\t\t\t\t<div class=\"elementor-widget-container\">\n\t\t\t<div class=\"VedlikeholdMenyContainer\">\n    <div class=\"VedlikeholdTekst\">\n        4. Fjern alle h\u00e5rrester og annet i b\u00f8tten. Skyll gjerne med litt vann.<br \/>\n        Obs: Kantene kan v\u00e6re skarpe.\n    <\/div>\n    <div class=\"VedlikeholdBilde\">\n        <img decoding=\"async\" class=\"\" src=\"https:\/\/bregnefaret.no\/wp-content\/uploads\/2023\/03\/Dusj_04.jpg\" alt=\"Dusj\" \/>\n    <\/div>\n<\/div>\t\t<\/div>\n\t\t\t\t<\/div>\n\t\t\t\t\t<\/div>\n\t\t<\/div>\n\t\t\t\t\t\t\t<\/div>\n\t\t<\/section>\n\t\t\t\t<section class=\"elementor-section elementor-top-section elementor-element elementor-element-5e41e43 elementor-section-boxed elementor-section-height-default elementor-section-height-default\" data-id=\"5e41e43\" data-element_type=\"section\">\n\t\t\t\t\t\t<div class=\"elementor-container elementor-column-gap-default\">\n\t\t\t\t\t<div class=\"elementor-column elementor-col-50 elementor-top-column elementor-element elementor-element-bb57b0b\" data-id=\"bb57b0b\" data-element_type=\"column\">\n\t\t\t<div class=\"elementor-widget-wrap elementor-element-populated\">\n\t\t\t\t\t\t\t\t<div class=\"elementor-element elementor-element-b5c508a elementor-widget elementor-widget-html\" data-id=\"b5c508a\" data-element_type=\"widget\" data-widget_type=\"html.default\">\n\t\t\t\t<div class=\"elementor-widget-container\">\n\t\t\t<div class=\"VedlikeholdMenyContainer\">\n    <div class=\"VedlikeholdTekst\">\n        5. Nede i sluket hviler vannl\u00e5sen p\u00e5 tre metallhaker.\n    <\/div>\n    <div class=\"VedlikeholdBilde\">\n        <img decoding=\"async\" class=\"\" src=\"https:\/\/bregnefaret.no\/wp-content\/uploads\/2023\/03\/Dusj_05.jpg\" alt=\"Dusj\" \/>\n    <\/div>\n<\/div>\t\t<\/div>\n\t\t\t\t<\/div>\n\t\t\t\t\t<\/div>\n\t\t<\/div>\n\t\t\t\t<div class=\"elementor-column elementor-col-50 elementor-top-column elementor-element elementor-element-2dbbd44\" data-id=\"2dbbd44\" data-element_type=\"column\">\n\t\t\t<div class=\"elementor-widget-wrap elementor-element-populated\">\n\t\t\t\t\t\t\t\t<div class=\"elementor-element elementor-element-8db8605 elementor-widget elementor-widget-html\" data-id=\"8db8605\" data-element_type=\"widget\" data-widget_type=\"html.default\">\n\t\t\t\t<div class=\"elementor-widget-container\">\n\t\t\t<div class=\"VedlikeholdMenyContainer\">\n    <div class=\"VedlikeholdTekst\">\n        6. For \u00e5 sette tilbake, ta tak i l\u00f8fteringen p\u00e5 toppen av vannl\u00e5sen og f\u00f8r vannl\u00e5sen helt ned til den hviler p\u00e5 metallhakene.\n    <\/div>\n    <div class=\"VedlikeholdBilde\">\n        <img decoding=\"async\" class=\"\" src=\"https:\/\/bregnefaret.no\/wp-content\/uploads\/2023\/03\/Dusj_06.jpg\" alt=\"Dusj\" \/>\n    <\/div>\n<\/div>\t\t<\/div>\n\t\t\t\t<\/div>\n\t\t\t\t\t<\/div>\n\t\t<\/div>\n\t\t\t\t\t\t\t<\/div>\n\t\t<\/section>\n\t\t\t\t<section class=\"elementor-section elementor-top-section elementor-element elementor-element-2196895 elementor-section-boxed elementor-section-height-default elementor-section-height-default\" data-id=\"2196895\" data-element_type=\"section\">\n\t\t\t\t\t\t<div class=\"elementor-container elementor-column-gap-default\">\n\t\t\t\t\t<div class=\"elementor-column elementor-col-50 elementor-top-column elementor-element elementor-element-04258a4\" data-id=\"04258a4\" data-element_type=\"column\">\n\t\t\t<div class=\"elementor-widget-wrap elementor-element-populated\">\n\t\t\t\t\t\t\t\t<div class=\"elementor-element elementor-element-16dbee6 elementor-widget elementor-widget-html\" data-id=\"16dbee6\" data-element_type=\"widget\" data-widget_type=\"html.default\">\n\t\t\t\t<div class=\"elementor-widget-container\">\n\t\t\t<div class=\"VedlikeholdMenyContainer\">\n    <div class=\"VedlikeholdTekst\">\n        7. Legg slukristen p\u00e5 plass i sporet sitt.\n    <\/div>\n    <div class=\"VedlikeholdBilde\">\n        <img decoding=\"async\" class=\"\" src=\"https:\/\/bregnefaret.no\/wp-content\/uploads\/2023\/03\/Dusj_07.jpg\" alt=\"Dusj\" \/>\n    <\/div>\n<\/div>\t\t<\/div>\n\t\t\t\t<\/div>\n\t\t\t\t\t<\/div>\n\t\t<\/div>\n\t\t\t\t<div class=\"elementor-column elementor-col-50 elementor-top-column elementor-element elementor-element-0f711a3\" data-id=\"0f711a3\" data-element_type=\"column\">\n\t\t\t<div class=\"elementor-widget-wrap elementor-element-populated\">\n\t\t\t\t\t\t\t\t\t<\/div>\n\t\t<\/div>\n\t\t\t\t\t\t\t<\/div>\n\t\t<\/section>\n\t\t\t\t\t\t\t<\/div>\n\t\t","protected":false},"excerpt":{"rendered":"<p>Vedikehold &#8211; Rense sluk i dusjen Avhengig av antall personer i husstanden og bruksm\u00f8nster, er det n\u00f8dvendig \u00e5 rense sluket i dusjen 1 til 2 ganger pr \u00e5r. En god &#8230;<\/p>\n","protected":false},"author":1,"featured_media":0,"parent":0,"menu_order":0,"comment_status":"closed","ping_status":"closed","template":"elementor_header_footer","meta":[],"_links":{"self":[{"href":"https:\/\/bregnefaret.no\/index.php?rest_route=\/wp\/v2\/pages\/578"}],"collection":[{"href":"https:\/\/bregnefaret.no\/index.php?rest_route=\/wp\/v2\/pages"}],"about":[{"href":"https:\/\/bregnefaret.no\/index.php?rest_route=\/wp\/v2\/types\/page"}],"author":[{"embeddable":true,"href":"https:\/\/bregnefaret.no\/index.php?rest_route=\/wp\/v2\/users\/1"}],"replies":[{"embeddable":true,"href":"https:\/\/bregnefaret.no\/index.php?rest_route=%2Fwp%2Fv2%2Fcomments&post=578"}],"version-history":[{"count":11,"href":"https:\/\/bregnefaret.no\/index.php?rest_route=\/wp\/v2\/pages\/578\/revisions"}],"predecessor-version":[{"id":629,"href":"https:\/\/bregnefaret.no\/index.php?rest_route=\/wp\/v2\/pages\/578\/revisions\/629"}],"wp:attachment":[{"href":"https:\/\/bregnefaret.no\/index.php?rest_route=%2Fwp%2Fv2%2Fmedia&parent=578"}],"curies":[{"name":"wp","href":"https:\/\/api.w.org\/{rel}","templated":true}]}}