{"id":630,"date":"2023-03-19T12:46:43","date_gmt":"2023-03-19T11:46:43","guid":{"rendered":"http:\/\/10.0.0.65\/wordpress\/?page_id=630"},"modified":"2023-03-19T13:00:18","modified_gmt":"2023-03-19T12:00:18","slug":"vedlikehold-rense-vannlas","status":"publish","type":"page","link":"https:\/\/bregnefaret.no\/?page_id=630","title":{"rendered":"Vedlikehold &#8211; Rense vannl\u00e5s"},"content":{"rendered":"\t\t<div data-elementor-type=\"wp-page\" data-elementor-id=\"630\" class=\"elementor elementor-630\">\n\t\t\t\t\t\t\t\t\t<section class=\"elementor-section elementor-top-section elementor-element elementor-element-31e920d elementor-section-boxed elementor-section-height-default elementor-section-height-default\" data-id=\"31e920d\" data-element_type=\"section\">\n\t\t\t\t\t\t<div class=\"elementor-container elementor-column-gap-default\">\n\t\t\t\t\t<div class=\"elementor-column elementor-col-100 elementor-top-column elementor-element elementor-element-048f923\" data-id=\"048f923\" data-element_type=\"column\">\n\t\t\t<div class=\"elementor-widget-wrap elementor-element-populated\">\n\t\t\t\t\t\t\t\t<div class=\"elementor-element elementor-element-9ebe0d5 elementor-widget elementor-widget-heading\" data-id=\"9ebe0d5\" data-element_type=\"widget\" data-widget_type=\"heading.default\">\n\t\t\t\t<div class=\"elementor-widget-container\">\n\t\t\t<style>\/*! elementor - v3.11.5 - 14-03-2023 *\/\n.elementor-heading-title{padding:0;margin:0;line-height:1}.elementor-widget-heading .elementor-heading-title[class*=elementor-size-]>a{color:inherit;font-size:inherit;line-height:inherit}.elementor-widget-heading .elementor-heading-title.elementor-size-small{font-size:15px}.elementor-widget-heading .elementor-heading-title.elementor-size-medium{font-size:19px}.elementor-widget-heading .elementor-heading-title.elementor-size-large{font-size:29px}.elementor-widget-heading .elementor-heading-title.elementor-size-xl{font-size:39px}.elementor-widget-heading .elementor-heading-title.elementor-size-xxl{font-size:59px}<\/style><h1 class=\"elementor-heading-title elementor-size-default\"><img decoding=\"async\" src=\"https:\/\/bregnefaret.no\/wp-content\/uploads\/2023\/03\/icons8-maintenance-100.png\" alt=\"Vedlikehold\" width=\"50\"> Vedikehold - Rense vannl\u00e5s<\/h1>\t\t<\/div>\n\t\t\t\t<\/div>\n\t\t\t\t\t<\/div>\n\t\t<\/div>\n\t\t\t\t\t\t\t<\/div>\n\t\t<\/section>\n\t\t\t\t<section class=\"elementor-section elementor-top-section elementor-element elementor-element-7f6eb3e elementor-section-boxed elementor-section-height-default elementor-section-height-default\" data-id=\"7f6eb3e\" data-element_type=\"section\">\n\t\t\t\t\t\t<div class=\"elementor-container elementor-column-gap-default\">\n\t\t\t\t\t<div class=\"elementor-column elementor-col-100 elementor-top-column elementor-element elementor-element-ff7cd53\" data-id=\"ff7cd53\" data-element_type=\"column\">\n\t\t\t<div class=\"elementor-widget-wrap elementor-element-populated\">\n\t\t\t\t\t\t\t\t<div class=\"elementor-element elementor-element-d6ae06a elementor-widget elementor-widget-html\" data-id=\"d6ae06a\" data-element_type=\"widget\" data-widget_type=\"html.default\">\n\t\t\t\t<div class=\"elementor-widget-container\">\n\t\t\t<div class=\"VedlikeholdInnledning\">\r\n    \r\nAvhengig av antall personer i husstanden og bruksm\u00f8nster, er det n\u00f8dvendig \u00e5 rense sluket i baderomsservanten 1-3 ganger pr \u00e5r.<br \/>\r\nN\u00e5r vannet ikke renner lett ned i sluket fra vasken lenger, da er det p\u00e5 tide \u00e5 rense sluket.<br \/><br \/>\r\n\r\nF\u00f8r du starter, trenger du:\r\n<ul>\r\n    <li>\r\n        Beholder (isboks, blomsterpotte e.l.) - til \u00e5 samle opp vann og h\u00e5r n\u00e5r du l\u00f8sner dekselet til vannl\u00e5sen.\r\n    <\/li>\r\n    <li>Skrutrekker - for \u00e5 skrape ut h\u00e5rrester o.l.<\/li>\r\n    <li>Klut - til \u00e5 t\u00f8rke vanns\u00f8l.<\/li>\r\n<\/ul>\r\n\r\nTid arbeidet tar: 15-20 minutter\r\n<\/div>\r\n\t\t<\/div>\n\t\t\t\t<\/div>\n\t\t\t\t\t<\/div>\n\t\t<\/div>\n\t\t\t\t\t\t\t<\/div>\n\t\t<\/section>\n\t\t\t\t<section class=\"elementor-section elementor-top-section elementor-element elementor-element-c3b436b elementor-section-boxed elementor-section-height-default elementor-section-height-default\" data-id=\"c3b436b\" data-element_type=\"section\">\n\t\t\t\t\t\t<div class=\"elementor-container elementor-column-gap-default\">\n\t\t\t\t\t<div class=\"elementor-column elementor-col-50 elementor-top-column elementor-element elementor-element-dc61037\" data-id=\"dc61037\" data-element_type=\"column\">\n\t\t\t<div class=\"elementor-widget-wrap elementor-element-populated\">\n\t\t\t\t\t\t\t\t<div class=\"elementor-element elementor-element-738a8ed elementor-widget elementor-widget-html\" data-id=\"738a8ed\" data-element_type=\"widget\" data-widget_type=\"html.default\">\n\t\t\t\t<div class=\"elementor-widget-container\">\n\t\t\t<div class=\"VedlikeholdMenyContainer\">\n    <div class=\"VedlikeholdTekst\">\n        1. Under servanten er det en vannl\u00e5s hvor det samler seg h\u00e5r og annet som har blitt skylt ned i vasken.\n    <\/div>\n    <div class=\"VedlikeholdBilde\">\n        <img decoding=\"async\" class=\"\" src=\"https:\/\/bregnefaret.no\/wp-content\/uploads\/2023\/03\/Servant_01.jpg\" alt=\"Vannl\u00e5s\" \/>\n    <\/div>\n<\/div>\t\t<\/div>\n\t\t\t\t<\/div>\n\t\t\t\t\t<\/div>\n\t\t<\/div>\n\t\t\t\t<div class=\"elementor-column elementor-col-50 elementor-top-column elementor-element elementor-element-8fda6c4\" data-id=\"8fda6c4\" data-element_type=\"column\">\n\t\t\t<div class=\"elementor-widget-wrap elementor-element-populated\">\n\t\t\t\t\t\t\t\t<div class=\"elementor-element elementor-element-789bf70 elementor-widget elementor-widget-html\" data-id=\"789bf70\" data-element_type=\"widget\" data-widget_type=\"html.default\">\n\t\t\t\t<div class=\"elementor-widget-container\">\n\t\t\t<div class=\"VedlikeholdMenyContainer\">\n    <div class=\"VedlikeholdTekst\">\n        2. Fjern den nederste skuffen ved \u00e5 l\u00f8fte den opp i fronten.<br \/>\n        OBS: Bruk begge hender, da den kan v\u00e6re for tung til kun en h\u00e5nd.\n    <\/div>\n    <div class=\"VedlikeholdBilde\">\n        <img decoding=\"async\" class=\"\" src=\"https:\/\/bregnefaret.no\/wp-content\/uploads\/2023\/03\/Servant_02.jpg\" alt=\"Vannl\u00e5s\" \/>\n    <\/div>\n<\/div>\t\t<\/div>\n\t\t\t\t<\/div>\n\t\t\t\t\t<\/div>\n\t\t<\/div>\n\t\t\t\t\t\t\t<\/div>\n\t\t<\/section>\n\t\t\t\t<section class=\"elementor-section elementor-top-section elementor-element elementor-element-df974ee elementor-section-boxed elementor-section-height-default elementor-section-height-default\" data-id=\"df974ee\" data-element_type=\"section\">\n\t\t\t\t\t\t<div class=\"elementor-container elementor-column-gap-default\">\n\t\t\t\t\t<div class=\"elementor-column elementor-col-50 elementor-top-column elementor-element elementor-element-2b26fa4\" data-id=\"2b26fa4\" data-element_type=\"column\">\n\t\t\t<div class=\"elementor-widget-wrap elementor-element-populated\">\n\t\t\t\t\t\t\t\t<div class=\"elementor-element elementor-element-e344f22 elementor-widget elementor-widget-html\" data-id=\"e344f22\" data-element_type=\"widget\" data-widget_type=\"html.default\">\n\t\t\t\t<div class=\"elementor-widget-container\">\n\t\t\t<div class=\"VedlikeholdMenyContainer\">\n    <div class=\"VedlikeholdTekst\">\n        3. Sett beholderen under vannl\u00e5sen.\n    <\/div>\n    <div class=\"VedlikeholdBilde\">\n        <img decoding=\"async\" class=\"\" src=\"https:\/\/bregnefaret.no\/wp-content\/uploads\/2023\/03\/Servant_03.jpg\" alt=\"Vannl\u00e5s\" \/>\n    <\/div>\n<\/div>\t\t<\/div>\n\t\t\t\t<\/div>\n\t\t\t\t\t<\/div>\n\t\t<\/div>\n\t\t\t\t<div class=\"elementor-column elementor-col-50 elementor-top-column elementor-element elementor-element-d76a583\" data-id=\"d76a583\" data-element_type=\"column\">\n\t\t\t<div class=\"elementor-widget-wrap elementor-element-populated\">\n\t\t\t\t\t\t\t\t<div class=\"elementor-element elementor-element-8574bf6 elementor-widget elementor-widget-html\" data-id=\"8574bf6\" data-element_type=\"widget\" data-widget_type=\"html.default\">\n\t\t\t\t<div class=\"elementor-widget-container\">\n\t\t\t<div class=\"VedlikeholdMenyContainer\">\n    <div class=\"VedlikeholdTekst\">\n        4. Skru av dekselet til vannl\u00e5sen.\n    <\/div>\n    <div class=\"VedlikeholdBilde\">\n        <img decoding=\"async\" class=\"\" src=\"https:\/\/bregnefaret.no\/wp-content\/uploads\/2023\/03\/Servant_04.jpg\" alt=\"Vannl\u00e5s\" \/>\n    <\/div>\n<\/div>\t\t<\/div>\n\t\t\t\t<\/div>\n\t\t\t\t\t<\/div>\n\t\t<\/div>\n\t\t\t\t\t\t\t<\/div>\n\t\t<\/section>\n\t\t\t\t<section class=\"elementor-section elementor-top-section elementor-element elementor-element-0e45eb8 elementor-section-boxed elementor-section-height-default elementor-section-height-default\" data-id=\"0e45eb8\" data-element_type=\"section\">\n\t\t\t\t\t\t<div class=\"elementor-container elementor-column-gap-default\">\n\t\t\t\t\t<div class=\"elementor-column elementor-col-50 elementor-top-column elementor-element elementor-element-7a25b07\" data-id=\"7a25b07\" data-element_type=\"column\">\n\t\t\t<div class=\"elementor-widget-wrap elementor-element-populated\">\n\t\t\t\t\t\t\t\t<div class=\"elementor-element elementor-element-d62e294 elementor-widget elementor-widget-html\" data-id=\"d62e294\" data-element_type=\"widget\" data-widget_type=\"html.default\">\n\t\t\t\t<div class=\"elementor-widget-container\">\n\t\t\t<div class=\"VedlikeholdMenyContainer\">\n    <div class=\"VedlikeholdTekst\">\n        5. Hell vannet som er i dekselet ned i beholderen.\n    <\/div>\n    <div class=\"VedlikeholdBilde\">\n        <img decoding=\"async\" class=\"\" src=\"https:\/\/bregnefaret.no\/wp-content\/uploads\/2023\/03\/Servant_05.jpg\" alt=\"Vannl\u00e5s\" \/>\n    <\/div>\n<\/div>\t\t<\/div>\n\t\t\t\t<\/div>\n\t\t\t\t\t<\/div>\n\t\t<\/div>\n\t\t\t\t<div class=\"elementor-column elementor-col-50 elementor-top-column elementor-element elementor-element-07e1875\" data-id=\"07e1875\" data-element_type=\"column\">\n\t\t\t<div class=\"elementor-widget-wrap elementor-element-populated\">\n\t\t\t\t\t\t\t\t<div class=\"elementor-element elementor-element-14d28b8 elementor-widget elementor-widget-html\" data-id=\"14d28b8\" data-element_type=\"widget\" data-widget_type=\"html.default\">\n\t\t\t\t<div class=\"elementor-widget-container\">\n\t\t\t<div class=\"VedlikeholdMenyContainer\">\n    <div class=\"VedlikeholdTekst\">\n        6. Bruk skrutrekkeren til \u00e5 skrape ned alt av h\u00e5rrester...\n    <\/div>\n    <div class=\"VedlikeholdBilde\">\n        <img decoding=\"async\" class=\"\" src=\"https:\/\/bregnefaret.no\/wp-content\/uploads\/2023\/03\/Servant_06.jpg\" alt=\"Vannl\u00e5s\" \/>\n    <\/div>\n<\/div>\t\t<\/div>\n\t\t\t\t<\/div>\n\t\t\t\t\t<\/div>\n\t\t<\/div>\n\t\t\t\t\t\t\t<\/div>\n\t\t<\/section>\n\t\t\t\t<section class=\"elementor-section elementor-top-section elementor-element elementor-element-445497c elementor-section-boxed elementor-section-height-default elementor-section-height-default\" data-id=\"445497c\" data-element_type=\"section\">\n\t\t\t\t\t\t<div class=\"elementor-container elementor-column-gap-default\">\n\t\t\t\t\t<div class=\"elementor-column elementor-col-50 elementor-top-column elementor-element elementor-element-f4d7f60\" data-id=\"f4d7f60\" data-element_type=\"column\">\n\t\t\t<div class=\"elementor-widget-wrap elementor-element-populated\">\n\t\t\t\t\t\t\t\t<div class=\"elementor-element elementor-element-654a3da elementor-widget elementor-widget-html\" data-id=\"654a3da\" data-element_type=\"widget\" data-widget_type=\"html.default\">\n\t\t\t\t<div class=\"elementor-widget-container\">\n\t\t\t<div class=\"VedlikeholdMenyContainer\">\n    <div class=\"VedlikeholdTekst\">\n        7. ... og la det falle den i beholderen. Skyll gjerne med LITT (!!!) vann mens beholderen st\u00e5r plassert under vannl\u00e5sen, slik at mest mulig av h\u00e5rrestene faller ned i beholderen.\n    <\/div>\n    <div class=\"VedlikeholdBilde\">\n        <img decoding=\"async\" class=\"\" src=\"https:\/\/bregnefaret.no\/wp-content\/uploads\/2023\/03\/Servant_07.jpg\" alt=\"Vannl\u00e5s\" \/>\n    <\/div>\n<\/div>\t\t<\/div>\n\t\t\t\t<\/div>\n\t\t\t\t\t<\/div>\n\t\t<\/div>\n\t\t\t\t<div class=\"elementor-column elementor-col-50 elementor-top-column elementor-element elementor-element-0059052\" data-id=\"0059052\" data-element_type=\"column\">\n\t\t\t<div class=\"elementor-widget-wrap elementor-element-populated\">\n\t\t\t\t\t\t\t\t<div class=\"elementor-element elementor-element-2758a88 elementor-widget elementor-widget-html\" data-id=\"2758a88\" data-element_type=\"widget\" data-widget_type=\"html.default\">\n\t\t\t\t<div class=\"elementor-widget-container\">\n\t\t\t<div class=\"VedlikeholdMenyContainer\">\n    <div class=\"VedlikeholdTekst\">\n        8. Skru p\u00e5 dekselet til vannl\u00e5sen.\n    <\/div>\n    <div class=\"VedlikeholdBilde\">\n        <img decoding=\"async\" class=\"\" src=\"https:\/\/bregnefaret.no\/wp-content\/uploads\/2023\/03\/Servant_08.jpg\" alt=\"Vannl\u00e5s\" \/>\n    <\/div>\n<\/div>\t\t<\/div>\n\t\t\t\t<\/div>\n\t\t\t\t\t<\/div>\n\t\t<\/div>\n\t\t\t\t\t\t\t<\/div>\n\t\t<\/section>\n\t\t\t\t<section class=\"elementor-section elementor-top-section elementor-element elementor-element-0b4900c elementor-section-boxed elementor-section-height-default elementor-section-height-default\" data-id=\"0b4900c\" data-element_type=\"section\">\n\t\t\t\t\t\t<div class=\"elementor-container elementor-column-gap-default\">\n\t\t\t\t\t<div class=\"elementor-column elementor-col-50 elementor-top-column elementor-element elementor-element-819c33e\" data-id=\"819c33e\" data-element_type=\"column\">\n\t\t\t<div class=\"elementor-widget-wrap elementor-element-populated\">\n\t\t\t\t\t\t\t\t<div class=\"elementor-element elementor-element-0910fb0 elementor-widget elementor-widget-html\" data-id=\"0910fb0\" data-element_type=\"widget\" data-widget_type=\"html.default\">\n\t\t\t\t<div class=\"elementor-widget-container\">\n\t\t\t<div class=\"VedlikeholdMenyContainer\">\n    <div class=\"VedlikeholdTekst\">\n        9. Skru dekselet helt opp.\nFjern beholderen med vann, og t\u00f8rk over med klut.\n    <\/div>\n    <div class=\"VedlikeholdBilde\">\n        <img decoding=\"async\" class=\"\" src=\"https:\/\/bregnefaret.no\/wp-content\/uploads\/2023\/03\/Servant_09.jpg\" alt=\"Vannl\u00e5s\" \/>\n    <\/div>\n<\/div>\t\t<\/div>\n\t\t\t\t<\/div>\n\t\t\t\t\t<\/div>\n\t\t<\/div>\n\t\t\t\t<div class=\"elementor-column elementor-col-50 elementor-top-column elementor-element elementor-element-d80afea\" data-id=\"d80afea\" data-element_type=\"column\">\n\t\t\t<div class=\"elementor-widget-wrap elementor-element-populated\">\n\t\t\t\t\t\t\t\t<div class=\"elementor-element elementor-element-b0088ac elementor-widget elementor-widget-html\" data-id=\"b0088ac\" data-element_type=\"widget\" data-widget_type=\"html.default\">\n\t\t\t\t<div class=\"elementor-widget-container\">\n\t\t\t<div class=\"VedlikeholdMenyContainer\">\n    <div class=\"VedlikeholdTekst\">\n        10. Dra ut skinnene som skuffen skal hvile p\u00e5.\n    <\/div>\n    <div class=\"VedlikeholdBilde\">\n        <img decoding=\"async\" class=\"\" src=\"https:\/\/bregnefaret.no\/wp-content\/uploads\/2023\/03\/Servant_10.jpg\" alt=\"Vannl\u00e5s\" \/>\n    <\/div>\n<\/div>\t\t<\/div>\n\t\t\t\t<\/div>\n\t\t\t\t\t<\/div>\n\t\t<\/div>\n\t\t\t\t\t\t\t<\/div>\n\t\t<\/section>\n\t\t\t\t<section class=\"elementor-section elementor-top-section elementor-element elementor-element-3a0bfe8 elementor-section-boxed elementor-section-height-default elementor-section-height-default\" data-id=\"3a0bfe8\" data-element_type=\"section\">\n\t\t\t\t\t\t<div class=\"elementor-container elementor-column-gap-default\">\n\t\t\t\t\t<div class=\"elementor-column elementor-col-50 elementor-top-column elementor-element elementor-element-87c4cce\" data-id=\"87c4cce\" data-element_type=\"column\">\n\t\t\t<div class=\"elementor-widget-wrap elementor-element-populated\">\n\t\t\t\t\t\t\t\t<div class=\"elementor-element elementor-element-96e55c5 elementor-widget elementor-widget-html\" data-id=\"96e55c5\" data-element_type=\"widget\" data-widget_type=\"html.default\">\n\t\t\t\t<div class=\"elementor-widget-container\">\n\t\t\t<div class=\"VedlikeholdMenyContainer\">\n    <div class=\"VedlikeholdTekst\">\n        11. Legg skuffen opp p\u00e5 skinnene.\n    <\/div>\n    <div class=\"VedlikeholdBilde\">\n        <img decoding=\"async\" class=\"\" src=\"https:\/\/bregnefaret.no\/wp-content\/uploads\/2023\/03\/Servant_11.jpg\" alt=\"Vannl\u00e5s\" \/>\n    <\/div>\n<\/div>\t\t<\/div>\n\t\t\t\t<\/div>\n\t\t\t\t\t<\/div>\n\t\t<\/div>\n\t\t\t\t<div class=\"elementor-column elementor-col-50 elementor-top-column elementor-element elementor-element-aa44dd7\" data-id=\"aa44dd7\" data-element_type=\"column\">\n\t\t\t<div class=\"elementor-widget-wrap elementor-element-populated\">\n\t\t\t\t\t\t\t\t<div class=\"elementor-element elementor-element-de9ce7c elementor-widget elementor-widget-html\" data-id=\"de9ce7c\" data-element_type=\"widget\" data-widget_type=\"html.default\">\n\t\t\t\t<div class=\"elementor-widget-container\">\n\t\t\t<div class=\"VedlikeholdMenyContainer\">\n    <div class=\"VedlikeholdTekst\">\n        12. Skyv skuffen forsiktig inn.\n    <\/div>\n    <div class=\"VedlikeholdBilde\">\n        <img decoding=\"async\" class=\"\" src=\"https:\/\/bregnefaret.no\/wp-content\/uploads\/2023\/03\/Servant_12.jpg\" alt=\"Vannl\u00e5s\" \/>\n    <\/div>\n<\/div>\t\t<\/div>\n\t\t\t\t<\/div>\n\t\t\t\t\t<\/div>\n\t\t<\/div>\n\t\t\t\t\t\t\t<\/div>\n\t\t<\/section>\n\t\t\t\t\t\t\t<\/div>\n\t\t","protected":false},"excerpt":{"rendered":"<p>Vedikehold &#8211; Rense vannl\u00e5s Avhengig av antall personer i husstanden og bruksm\u00f8nster, er det n\u00f8dvendig \u00e5 rense sluket i baderomsservanten 1-3 ganger pr \u00e5r. N\u00e5r vannet ikke renner lett ned &#8230;<\/p>\n","protected":false},"author":1,"featured_media":0,"parent":0,"menu_order":0,"comment_status":"closed","ping_status":"closed","template":"elementor_header_footer","meta":[],"_links":{"self":[{"href":"https:\/\/bregnefaret.no\/index.php?rest_route=\/wp\/v2\/pages\/630"}],"collection":[{"href":"https:\/\/bregnefaret.no\/index.php?rest_route=\/wp\/v2\/pages"}],"about":[{"href":"https:\/\/bregnefaret.no\/index.php?rest_route=\/wp\/v2\/types\/page"}],"author":[{"embeddable":true,"href":"https:\/\/bregnefaret.no\/index.php?rest_route=\/wp\/v2\/users\/1"}],"replies":[{"embeddable":true,"href":"https:\/\/bregnefaret.no\/index.php?rest_route=%2Fwp%2Fv2%2Fcomments&post=630"}],"version-history":[{"count":7,"href":"https:\/\/bregnefaret.no\/index.php?rest_route=\/wp\/v2\/pages\/630\/revisions"}],"predecessor-version":[{"id":643,"href":"https:\/\/bregnefaret.no\/index.php?rest_route=\/wp\/v2\/pages\/630\/revisions\/643"}],"wp:attachment":[{"href":"https:\/\/bregnefaret.no\/index.php?rest_route=%2Fwp%2Fv2%2Fmedia&parent=630"}],"curies":[{"name":"wp","href":"https:\/\/api.w.org\/{rel}","templated":true}]}}