{"id":644,"date":"2023-03-19T13:03:38","date_gmt":"2023-03-19T12:03:38","guid":{"rendered":"http:\/\/10.0.0.65\/wordpress\/?page_id=644"},"modified":"2023-03-19T13:16:20","modified_gmt":"2023-03-19T12:16:20","slug":"vedlikehold-skifte-luftfilter","status":"publish","type":"page","link":"https:\/\/bregnefaret.no\/?page_id=644","title":{"rendered":"Vedlikehold &#8211; Skifte luftfilter"},"content":{"rendered":"\t\t<div data-elementor-type=\"wp-page\" data-elementor-id=\"644\" class=\"elementor elementor-644\">\n\t\t\t\t\t\t\t\t\t<section class=\"elementor-section elementor-top-section elementor-element elementor-element-406898c elementor-section-boxed elementor-section-height-default elementor-section-height-default\" data-id=\"406898c\" data-element_type=\"section\">\n\t\t\t\t\t\t<div class=\"elementor-container elementor-column-gap-default\">\n\t\t\t\t\t<div class=\"elementor-column elementor-col-100 elementor-top-column elementor-element elementor-element-007a2d2\" data-id=\"007a2d2\" data-element_type=\"column\">\n\t\t\t<div class=\"elementor-widget-wrap elementor-element-populated\">\n\t\t\t\t\t\t\t\t<div class=\"elementor-element elementor-element-c048190 elementor-widget elementor-widget-heading\" data-id=\"c048190\" data-element_type=\"widget\" data-widget_type=\"heading.default\">\n\t\t\t\t<div class=\"elementor-widget-container\">\n\t\t\t<style>\/*! elementor - v3.11.5 - 14-03-2023 *\/\n.elementor-heading-title{padding:0;margin:0;line-height:1}.elementor-widget-heading .elementor-heading-title[class*=elementor-size-]>a{color:inherit;font-size:inherit;line-height:inherit}.elementor-widget-heading .elementor-heading-title.elementor-size-small{font-size:15px}.elementor-widget-heading .elementor-heading-title.elementor-size-medium{font-size:19px}.elementor-widget-heading .elementor-heading-title.elementor-size-large{font-size:29px}.elementor-widget-heading .elementor-heading-title.elementor-size-xl{font-size:39px}.elementor-widget-heading .elementor-heading-title.elementor-size-xxl{font-size:59px}<\/style><h1 class=\"elementor-heading-title elementor-size-default\"><img decoding=\"async\" src=\"https:\/\/bregnefaret.no\/wp-content\/uploads\/2023\/03\/icons8-maintenance-100.png\" alt=\"Vedlikehold\" width=\"50\"> Vedikehold - Skifte luftfilter<\/h1>\t\t<\/div>\n\t\t\t\t<\/div>\n\t\t\t\t\t<\/div>\n\t\t<\/div>\n\t\t\t\t\t\t\t<\/div>\n\t\t<\/section>\n\t\t\t\t<section class=\"elementor-section elementor-top-section elementor-element elementor-element-0f9b6aa elementor-section-boxed elementor-section-height-default elementor-section-height-default\" data-id=\"0f9b6aa\" data-element_type=\"section\">\n\t\t\t\t\t\t<div class=\"elementor-container elementor-column-gap-default\">\n\t\t\t\t\t<div class=\"elementor-column elementor-col-100 elementor-top-column elementor-element elementor-element-89d432f\" data-id=\"89d432f\" data-element_type=\"column\">\n\t\t\t<div class=\"elementor-widget-wrap elementor-element-populated\">\n\t\t\t\t\t\t\t\t<div class=\"elementor-element elementor-element-7c1755f elementor-widget elementor-widget-html\" data-id=\"7c1755f\" data-element_type=\"widget\" data-widget_type=\"html.default\">\n\t\t\t\t<div class=\"elementor-widget-container\">\n\t\t\t<div class=\"VedlikeholdInnledning\">\r\nI hver leilighet er det et ventilasjonsanlegg. Anlegget best\u00e5r av en styringsenhet og selve ventilasjonsanlegget.<br \/><br \/>\r\n\r\nStyringsenheten varsler med 6 m\u00e5neders mellomrom at det er p\u00e5 tide \u00e5 vurdere filterbytte.<br \/>\r\nMan kan selvf\u00f8lgelig bytte 2 ganger i \u00e5ret, men det som har v\u00e6rt vanlig til n\u00e5, er \u00e5 bytte kun 1 gang pr \u00e5r.<br \/>\r\nHvis du velger \u00e5 skifte filter 1 gang i \u00e5ret, trenger du kun \u00e5 utf\u00f8re punktene 1 - 3 den gangen filtrene ikke skal skiftes.<br \/><br \/>\r\n\r\nF\u00f8r du starter \u00e5 bytte luftfilter, trenger du:\r\n<ul>\r\n    <li>En pakke med 2 nye luftfiltere.<\/li>\r\n<\/ul>\r\n\r\nTid arbeidet tar: 10 minutter\r\n<\/div>\r\n\t\t<\/div>\n\t\t\t\t<\/div>\n\t\t\t\t\t<\/div>\n\t\t<\/div>\n\t\t\t\t\t\t\t<\/div>\n\t\t<\/section>\n\t\t\t\t<section class=\"elementor-section elementor-top-section elementor-element elementor-element-8771bb9 elementor-section-boxed elementor-section-height-default elementor-section-height-default\" data-id=\"8771bb9\" data-element_type=\"section\">\n\t\t\t\t\t\t<div class=\"elementor-container elementor-column-gap-default\">\n\t\t\t\t\t<div class=\"elementor-column elementor-col-50 elementor-top-column elementor-element elementor-element-64ee08d\" data-id=\"64ee08d\" data-element_type=\"column\">\n\t\t\t<div class=\"elementor-widget-wrap elementor-element-populated\">\n\t\t\t\t\t\t\t\t<div class=\"elementor-element elementor-element-0a640bd elementor-widget elementor-widget-html\" data-id=\"0a640bd\" data-element_type=\"widget\" data-widget_type=\"html.default\">\n\t\t\t\t<div class=\"elementor-widget-container\">\n\t\t\t<div class=\"VedlikeholdMenyContainer\">\n    <div class=\"VedlikeholdTekst\">\n        1. Styringsenheten til ventilasjonsanlegget varsler om filterbytte ved at den gule lampen lyser.\n    <\/div>\n    <div class=\"VedlikeholdBilde\">\n        <img decoding=\"async\" class=\"\" src=\"https:\/\/bregnefaret.no\/wp-content\/uploads\/2023\/03\/Luftfilter_01.jpg\" alt=\"Luftfilter\" \/>\n    <\/div>\n<\/div>\t\t<\/div>\n\t\t\t\t<\/div>\n\t\t\t\t\t<\/div>\n\t\t<\/div>\n\t\t\t\t<div class=\"elementor-column elementor-col-50 elementor-top-column elementor-element elementor-element-4228425\" data-id=\"4228425\" data-element_type=\"column\">\n\t\t\t<div class=\"elementor-widget-wrap elementor-element-populated\">\n\t\t\t\t\t\t\t\t<div class=\"elementor-element elementor-element-9afeb5a elementor-widget elementor-widget-html\" data-id=\"9afeb5a\" data-element_type=\"widget\" data-widget_type=\"html.default\">\n\t\t\t\t<div class=\"elementor-widget-container\">\n\t\t\t<div class=\"VedlikeholdMenyContainer\">\n    <div class=\"VedlikeholdTekst\">\n        2. For \u00e5 avstille\/resette varselet, skyv opp lokket p\u00e5 styringsenheten. Bruk en penn e.l. og trykk inn knappen \"Reset\".\n    <\/div>\n    <div class=\"VedlikeholdBilde\">\n        <img decoding=\"async\" class=\"\" src=\"https:\/\/bregnefaret.no\/wp-content\/uploads\/2023\/03\/Luftfilter_02.jpg\" alt=\"Luftfilter\" \/>\n    <\/div>\n<\/div>\t\t<\/div>\n\t\t\t\t<\/div>\n\t\t\t\t\t<\/div>\n\t\t<\/div>\n\t\t\t\t\t\t\t<\/div>\n\t\t<\/section>\n\t\t\t\t<section class=\"elementor-section elementor-top-section elementor-element elementor-element-875760f elementor-section-boxed elementor-section-height-default elementor-section-height-default\" data-id=\"875760f\" data-element_type=\"section\">\n\t\t\t\t\t\t<div class=\"elementor-container elementor-column-gap-default\">\n\t\t\t\t\t<div class=\"elementor-column elementor-col-50 elementor-top-column elementor-element elementor-element-685de51\" data-id=\"685de51\" data-element_type=\"column\">\n\t\t\t<div class=\"elementor-widget-wrap elementor-element-populated\">\n\t\t\t\t\t\t\t\t<div class=\"elementor-element elementor-element-eef1ce0 elementor-widget elementor-widget-html\" data-id=\"eef1ce0\" data-element_type=\"widget\" data-widget_type=\"html.default\">\n\t\t\t\t<div class=\"elementor-widget-container\">\n\t\t\t<div class=\"VedlikeholdMenyContainer\">\n    <div class=\"VedlikeholdTekst\">\n        3. Skyv lokket ned. Det er n\u00e5 6 m\u00e5neder til neste gang lampen lyser.\n    <\/div>\n    <div class=\"VedlikeholdBilde\">\n        <img decoding=\"async\" class=\"\" src=\"https:\/\/bregnefaret.no\/wp-content\/uploads\/2023\/03\/Luftfilter_03.jpg\" alt=\"Luftfilter\" \/>\n    <\/div>\n<\/div>\t\t<\/div>\n\t\t\t\t<\/div>\n\t\t\t\t\t<\/div>\n\t\t<\/div>\n\t\t\t\t<div class=\"elementor-column elementor-col-50 elementor-top-column elementor-element elementor-element-e069c8c\" data-id=\"e069c8c\" data-element_type=\"column\">\n\t\t\t<div class=\"elementor-widget-wrap elementor-element-populated\">\n\t\t\t\t\t\t\t\t<div class=\"elementor-element elementor-element-72ab8af elementor-widget elementor-widget-html\" data-id=\"72ab8af\" data-element_type=\"widget\" data-widget_type=\"html.default\">\n\t\t\t\t<div class=\"elementor-widget-container\">\n\t\t\t<div class=\"VedlikeholdMenyContainer\">\n    <div class=\"VedlikeholdTekst\">\n        4. Selve ventilasjonsanlegget.\n    <\/div>\n    <div class=\"VedlikeholdBilde\">\n        <img decoding=\"async\" class=\"\" src=\"https:\/\/bregnefaret.no\/wp-content\/uploads\/2023\/03\/Luftfilter_04.jpg\" alt=\"Luftfilter\" \/>\n    <\/div>\n<\/div>\t\t<\/div>\n\t\t\t\t<\/div>\n\t\t\t\t\t<\/div>\n\t\t<\/div>\n\t\t\t\t\t\t\t<\/div>\n\t\t<\/section>\n\t\t\t\t<section class=\"elementor-section elementor-top-section elementor-element elementor-element-b8deb74 elementor-section-boxed elementor-section-height-default elementor-section-height-default\" data-id=\"b8deb74\" data-element_type=\"section\">\n\t\t\t\t\t\t<div class=\"elementor-container elementor-column-gap-default\">\n\t\t\t\t\t<div class=\"elementor-column elementor-col-50 elementor-top-column elementor-element elementor-element-2bd775f\" data-id=\"2bd775f\" data-element_type=\"column\">\n\t\t\t<div class=\"elementor-widget-wrap elementor-element-populated\">\n\t\t\t\t\t\t\t\t<div class=\"elementor-element elementor-element-ce97f0b elementor-widget elementor-widget-html\" data-id=\"ce97f0b\" data-element_type=\"widget\" data-widget_type=\"html.default\">\n\t\t\t\t<div class=\"elementor-widget-container\">\n\t\t\t<div class=\"VedlikeholdMenyContainer\">\n    <div class=\"VedlikeholdTekst\">\n        5. Dra ut str\u00f8mkontakten til ventilasjonsanlegget.\n    <\/div>\n    <div class=\"VedlikeholdBilde\">\n        <img decoding=\"async\" class=\"\" src=\"https:\/\/bregnefaret.no\/wp-content\/uploads\/2023\/03\/Luftfilter_05.jpg\" alt=\"Luftfilter\" \/>\n    <\/div>\n<\/div>\t\t<\/div>\n\t\t\t\t<\/div>\n\t\t\t\t\t<\/div>\n\t\t<\/div>\n\t\t\t\t<div class=\"elementor-column elementor-col-50 elementor-top-column elementor-element elementor-element-9f552cf\" data-id=\"9f552cf\" data-element_type=\"column\">\n\t\t\t<div class=\"elementor-widget-wrap elementor-element-populated\">\n\t\t\t\t\t\t\t\t<div class=\"elementor-element elementor-element-be0093d elementor-widget elementor-widget-html\" data-id=\"be0093d\" data-element_type=\"widget\" data-widget_type=\"html.default\">\n\t\t\t\t<div class=\"elementor-widget-container\">\n\t\t\t<div class=\"VedlikeholdMenyContainer\">\n    <div class=\"VedlikeholdTekst\">\n        6. \u00c5pne ventilasjonsanlegget ved \u00e5 vippe ut og vri p\u00e5 hendlene p\u00e5 d\u00f8ren.<br \/>\nOBS: D\u00f8ren kan b\u00e5de henge i hengselet nederst, eller hektes av.\n    <\/div>\n    <div class=\"VedlikeholdBilde\">\n        <img decoding=\"async\" class=\"\" src=\"https:\/\/bregnefaret.no\/wp-content\/uploads\/2023\/03\/Luftfilter_06.jpg\" alt=\"Luftfilter\" \/>\n    <\/div>\n<\/div>\t\t<\/div>\n\t\t\t\t<\/div>\n\t\t\t\t\t<\/div>\n\t\t<\/div>\n\t\t\t\t\t\t\t<\/div>\n\t\t<\/section>\n\t\t\t\t<section class=\"elementor-section elementor-top-section elementor-element elementor-element-e3a3e2e elementor-section-boxed elementor-section-height-default elementor-section-height-default\" data-id=\"e3a3e2e\" data-element_type=\"section\">\n\t\t\t\t\t\t<div class=\"elementor-container elementor-column-gap-default\">\n\t\t\t\t\t<div class=\"elementor-column elementor-col-50 elementor-top-column elementor-element elementor-element-ab0feec\" data-id=\"ab0feec\" data-element_type=\"column\">\n\t\t\t<div class=\"elementor-widget-wrap elementor-element-populated\">\n\t\t\t\t\t\t\t\t<div class=\"elementor-element elementor-element-af4f13c elementor-widget elementor-widget-html\" data-id=\"af4f13c\" data-element_type=\"widget\" data-widget_type=\"html.default\">\n\t\t\t\t<div class=\"elementor-widget-container\">\n\t\t\t<div class=\"VedlikeholdMenyContainer\">\n    <div class=\"VedlikeholdTekst\">\n        7. Innsiden av ventilasjonsanlegget best\u00e5r av 2 vifter og 2 filtre.\n    <\/div>\n    <div class=\"VedlikeholdBilde\">\n        <img decoding=\"async\" class=\"\" src=\"https:\/\/bregnefaret.no\/wp-content\/uploads\/2023\/03\/Luftfilter_07.jpg\" alt=\"Luftfilter\" \/>\n    <\/div>\n<\/div>\t\t<\/div>\n\t\t\t\t<\/div>\n\t\t\t\t\t<\/div>\n\t\t<\/div>\n\t\t\t\t<div class=\"elementor-column elementor-col-50 elementor-top-column elementor-element elementor-element-3831a47\" data-id=\"3831a47\" data-element_type=\"column\">\n\t\t\t<div class=\"elementor-widget-wrap elementor-element-populated\">\n\t\t\t\t\t\t\t\t<div class=\"elementor-element elementor-element-6c1029f elementor-widget elementor-widget-html\" data-id=\"6c1029f\" data-element_type=\"widget\" data-widget_type=\"html.default\">\n\t\t\t\t<div class=\"elementor-widget-container\">\n\t\t\t<div class=\"VedlikeholdMenyContainer\">\n    <div class=\"VedlikeholdTekst\">\n        8. Luftstr\u00f8mmen kommer ovenfra og g\u00e5r ned gjennom filtrene.<br \/>\nSjekk om filtrene har anvisning om retning p\u00e5 luftstr\u00f8m.\n    <\/div>\n    <div class=\"VedlikeholdBilde\">\n        <img decoding=\"async\" class=\"\" src=\"https:\/\/bregnefaret.no\/wp-content\/uploads\/2023\/03\/Luftfilter_08.jpg\" alt=\"Luftfilter\" \/>\n    <\/div>\n<\/div>\t\t<\/div>\n\t\t\t\t<\/div>\n\t\t\t\t\t<\/div>\n\t\t<\/div>\n\t\t\t\t\t\t\t<\/div>\n\t\t<\/section>\n\t\t\t\t<section class=\"elementor-section elementor-top-section elementor-element elementor-element-c9fa684 elementor-section-boxed elementor-section-height-default elementor-section-height-default\" data-id=\"c9fa684\" data-element_type=\"section\">\n\t\t\t\t\t\t<div class=\"elementor-container elementor-column-gap-default\">\n\t\t\t\t\t<div class=\"elementor-column elementor-col-50 elementor-top-column elementor-element elementor-element-5c9744e\" data-id=\"5c9744e\" data-element_type=\"column\">\n\t\t\t<div class=\"elementor-widget-wrap elementor-element-populated\">\n\t\t\t\t\t\t\t\t<div class=\"elementor-element elementor-element-8355dc2 elementor-widget elementor-widget-html\" data-id=\"8355dc2\" data-element_type=\"widget\" data-widget_type=\"html.default\">\n\t\t\t\t<div class=\"elementor-widget-container\">\n\t\t\t<div class=\"VedlikeholdMenyContainer\">\n    <div class=\"VedlikeholdTekst\">\n        9. Filtrene er plassert p\u00e5 hver sin side av anlegget.\n    <\/div>\n    <div class=\"VedlikeholdBilde\">\n        <img decoding=\"async\" class=\"\" src=\"https:\/\/bregnefaret.no\/wp-content\/uploads\/2023\/03\/Luftfilter_09.jpg\" alt=\"Luftfilter\" \/>\n    <\/div>\n<\/div>\t\t<\/div>\n\t\t\t\t<\/div>\n\t\t\t\t\t<\/div>\n\t\t<\/div>\n\t\t\t\t<div class=\"elementor-column elementor-col-50 elementor-top-column elementor-element elementor-element-be4ed4c\" data-id=\"be4ed4c\" data-element_type=\"column\">\n\t\t\t<div class=\"elementor-widget-wrap elementor-element-populated\">\n\t\t\t\t\t\t\t\t<div class=\"elementor-element elementor-element-0931466 elementor-widget elementor-widget-html\" data-id=\"0931466\" data-element_type=\"widget\" data-widget_type=\"html.default\">\n\t\t\t\t<div class=\"elementor-widget-container\">\n\t\t\t<div class=\"VedlikeholdMenyContainer\">\n    <div class=\"VedlikeholdTekst\">\n        10. Dra skinnen som ligger og presser over filteret mot deg.\n    <\/div>\n    <div class=\"VedlikeholdBilde\">\n        <img decoding=\"async\" class=\"\" src=\"https:\/\/bregnefaret.no\/wp-content\/uploads\/2023\/03\/Luftfilter_10.jpg\" alt=\"Luftfilter\" \/>\n    <\/div>\n<\/div>\t\t<\/div>\n\t\t\t\t<\/div>\n\t\t\t\t\t<\/div>\n\t\t<\/div>\n\t\t\t\t\t\t\t<\/div>\n\t\t<\/section>\n\t\t\t\t<section class=\"elementor-section elementor-top-section elementor-element elementor-element-e3bc7b3 elementor-section-boxed elementor-section-height-default elementor-section-height-default\" data-id=\"e3bc7b3\" data-element_type=\"section\">\n\t\t\t\t\t\t<div class=\"elementor-container elementor-column-gap-default\">\n\t\t\t\t\t<div class=\"elementor-column elementor-col-50 elementor-top-column elementor-element elementor-element-26cdaf6\" data-id=\"26cdaf6\" data-element_type=\"column\">\n\t\t\t<div class=\"elementor-widget-wrap elementor-element-populated\">\n\t\t\t\t\t\t\t\t<div class=\"elementor-element elementor-element-a21b24c elementor-widget elementor-widget-html\" data-id=\"a21b24c\" data-element_type=\"widget\" data-widget_type=\"html.default\">\n\t\t\t\t<div class=\"elementor-widget-container\">\n\t\t\t<div class=\"VedlikeholdMenyContainer\">\n    <div class=\"VedlikeholdTekst\">\n        11. Trekk filteret mot deg nedenfra, slik at du f\u00e5r tak i det og kan fjerne det.\n    <\/div>\n    <div class=\"VedlikeholdBilde\">\n        <img decoding=\"async\" class=\"\" src=\"https:\/\/bregnefaret.no\/wp-content\/uploads\/2023\/03\/Luftfilter_11.jpg\" alt=\"Luftfilter\" \/>\n    <\/div>\n<\/div>\t\t<\/div>\n\t\t\t\t<\/div>\n\t\t\t\t\t<\/div>\n\t\t<\/div>\n\t\t\t\t<div class=\"elementor-column elementor-col-50 elementor-top-column elementor-element elementor-element-ca8fcc9\" data-id=\"ca8fcc9\" data-element_type=\"column\">\n\t\t\t<div class=\"elementor-widget-wrap elementor-element-populated\">\n\t\t\t\t\t\t\t\t<div class=\"elementor-element elementor-element-4814784 elementor-widget elementor-widget-html\" data-id=\"4814784\" data-element_type=\"widget\" data-widget_type=\"html.default\">\n\t\t\t\t<div class=\"elementor-widget-container\">\n\t\t\t<div class=\"VedlikeholdMenyContainer\">\n    <div class=\"VedlikeholdTekst\">\n        12. Sett inn det nye filteret. Husk eventuell luftretning.<br \/>\n        Tips: Skriv dato p\u00e5 filteret, s\u00e5 vet du n\u00e5r det ble byttet sist.<br \/>\n        HUSK: Gj\u00f8r pkt 10 - 12 med det andre filteret.\n    <\/div>\n    <div class=\"VedlikeholdBilde\">\n        <img decoding=\"async\" class=\"\" src=\"https:\/\/bregnefaret.no\/wp-content\/uploads\/2023\/03\/Luftfilter_12.jpg\" alt=\"Luftfilter\" \/>\n    <\/div>\n<\/div>\t\t<\/div>\n\t\t\t\t<\/div>\n\t\t\t\t\t<\/div>\n\t\t<\/div>\n\t\t\t\t\t\t\t<\/div>\n\t\t<\/section>\n\t\t\t\t<section class=\"elementor-section elementor-top-section elementor-element elementor-element-1f6808a elementor-section-boxed elementor-section-height-default elementor-section-height-default\" data-id=\"1f6808a\" data-element_type=\"section\">\n\t\t\t\t\t\t<div class=\"elementor-container elementor-column-gap-default\">\n\t\t\t\t\t<div class=\"elementor-column elementor-col-50 elementor-top-column elementor-element elementor-element-cb3ccba\" data-id=\"cb3ccba\" data-element_type=\"column\">\n\t\t\t<div class=\"elementor-widget-wrap elementor-element-populated\">\n\t\t\t\t\t\t\t\t<div class=\"elementor-element elementor-element-124b6f8 elementor-widget elementor-widget-html\" data-id=\"124b6f8\" data-element_type=\"widget\" data-widget_type=\"html.default\">\n\t\t\t\t<div class=\"elementor-widget-container\">\n\t\t\t<div class=\"VedlikeholdMenyContainer\">\n    <div class=\"VedlikeholdTekst\">\n        13. Vipp opp eller sett p\u00e5 d\u00f8ren, og lukk med vriderne.<br \/>\nPass p\u00e5 at d\u00f8ren er helt lukket.\n    <\/div>\n    <div class=\"VedlikeholdBilde\">\n        <img decoding=\"async\" class=\"\" src=\"https:\/\/bregnefaret.no\/wp-content\/uploads\/2023\/03\/Luftfilter_13.jpg\" alt=\"Luftfilter\" \/>\n    <\/div>\n<\/div>\t\t<\/div>\n\t\t\t\t<\/div>\n\t\t\t\t\t<\/div>\n\t\t<\/div>\n\t\t\t\t<div class=\"elementor-column elementor-col-50 elementor-top-column elementor-element elementor-element-817172b\" data-id=\"817172b\" data-element_type=\"column\">\n\t\t\t<div class=\"elementor-widget-wrap elementor-element-populated\">\n\t\t\t\t\t\t\t\t<div class=\"elementor-element elementor-element-8e06263 elementor-widget elementor-widget-html\" data-id=\"8e06263\" data-element_type=\"widget\" data-widget_type=\"html.default\">\n\t\t\t\t<div class=\"elementor-widget-container\">\n\t\t\t<div class=\"VedlikeholdMenyContainer\">\n    <div class=\"VedlikeholdTekst\">\n        14. Siste steg er \u00e5 sette inn stikkontakten. Ventilasjonsanlegget vil starte automatisk.\n    <\/div>\n    <div class=\"VedlikeholdBilde\">\n        <img decoding=\"async\" class=\"\" src=\"https:\/\/bregnefaret.no\/wp-content\/uploads\/2023\/03\/Luftfilter_14.jpg\" alt=\"Luftfilter\" \/>\n    <\/div>\n<\/div>\t\t<\/div>\n\t\t\t\t<\/div>\n\t\t\t\t\t<\/div>\n\t\t<\/div>\n\t\t\t\t\t\t\t<\/div>\n\t\t<\/section>\n\t\t\t\t\t\t\t<\/div>\n\t\t","protected":false},"excerpt":{"rendered":"<p>Vedikehold &#8211; Skifte luftfilter I hver leilighet er det et ventilasjonsanlegg. Anlegget best\u00e5r av en styringsenhet og selve ventilasjonsanlegget. Styringsenheten varsler med 6 m\u00e5neders mellomrom at det er p\u00e5 tide &#8230;<\/p>\n","protected":false},"author":1,"featured_media":0,"parent":0,"menu_order":0,"comment_status":"closed","ping_status":"closed","template":"elementor_header_footer","meta":[],"_links":{"self":[{"href":"https:\/\/bregnefaret.no\/index.php?rest_route=\/wp\/v2\/pages\/644"}],"collection":[{"href":"https:\/\/bregnefaret.no\/index.php?rest_route=\/wp\/v2\/pages"}],"about":[{"href":"https:\/\/bregnefaret.no\/index.php?rest_route=\/wp\/v2\/types\/page"}],"author":[{"embeddable":true,"href":"https:\/\/bregnefaret.no\/index.php?rest_route=\/wp\/v2\/users\/1"}],"replies":[{"embeddable":true,"href":"https:\/\/bregnefaret.no\/index.php?rest_route=%2Fwp%2Fv2%2Fcomments&post=644"}],"version-history":[{"count":7,"href":"https:\/\/bregnefaret.no\/index.php?rest_route=\/wp\/v2\/pages\/644\/revisions"}],"predecessor-version":[{"id":658,"href":"https:\/\/bregnefaret.no\/index.php?rest_route=\/wp\/v2\/pages\/644\/revisions\/658"}],"wp:attachment":[{"href":"https:\/\/bregnefaret.no\/index.php?rest_route=%2Fwp%2Fv2%2Fmedia&parent=644"}],"curies":[{"name":"wp","href":"https:\/\/api.w.org\/{rel}","templated":true}]}}