{"id":662,"date":"2023-03-19T13:19:15","date_gmt":"2023-03-19T12:19:15","guid":{"rendered":"http:\/\/10.0.0.65\/wordpress\/?page_id=662"},"modified":"2023-03-19T13:24:01","modified_gmt":"2023-03-19T12:24:01","slug":"vedlikehold-romtermostater","status":"publish","type":"page","link":"https:\/\/bregnefaret.no\/?page_id=662","title":{"rendered":"Vedlikehold &#8211; Romtermostater"},"content":{"rendered":"\t\t<div data-elementor-type=\"wp-page\" data-elementor-id=\"662\" class=\"elementor elementor-662\">\n\t\t\t\t\t\t\t\t\t<section class=\"elementor-section elementor-top-section elementor-element elementor-element-cae70bd elementor-section-boxed elementor-section-height-default elementor-section-height-default\" data-id=\"cae70bd\" data-element_type=\"section\">\n\t\t\t\t\t\t<div class=\"elementor-container elementor-column-gap-default\">\n\t\t\t\t\t<div class=\"elementor-column elementor-col-100 elementor-top-column elementor-element elementor-element-378a103\" data-id=\"378a103\" data-element_type=\"column\">\n\t\t\t<div class=\"elementor-widget-wrap elementor-element-populated\">\n\t\t\t\t\t\t\t\t<div class=\"elementor-element elementor-element-82f9d8f elementor-widget elementor-widget-heading\" data-id=\"82f9d8f\" data-element_type=\"widget\" data-widget_type=\"heading.default\">\n\t\t\t\t<div class=\"elementor-widget-container\">\n\t\t\t<style>\/*! elementor - v3.11.5 - 14-03-2023 *\/\n.elementor-heading-title{padding:0;margin:0;line-height:1}.elementor-widget-heading .elementor-heading-title[class*=elementor-size-]>a{color:inherit;font-size:inherit;line-height:inherit}.elementor-widget-heading .elementor-heading-title.elementor-size-small{font-size:15px}.elementor-widget-heading .elementor-heading-title.elementor-size-medium{font-size:19px}.elementor-widget-heading .elementor-heading-title.elementor-size-large{font-size:29px}.elementor-widget-heading .elementor-heading-title.elementor-size-xl{font-size:39px}.elementor-widget-heading .elementor-heading-title.elementor-size-xxl{font-size:59px}<\/style><h1 class=\"elementor-heading-title elementor-size-default\"><img decoding=\"async\" src=\"https:\/\/bregnefaret.no\/wp-content\/uploads\/2023\/03\/icons8-maintenance-100.png\" alt=\"Vedlikehold\" width=\"50\"> Vedikehold - Romtermostater (skifte batteri)<\/h1>\t\t<\/div>\n\t\t\t\t<\/div>\n\t\t\t\t\t<\/div>\n\t\t<\/div>\n\t\t\t\t\t\t\t<\/div>\n\t\t<\/section>\n\t\t\t\t<section class=\"elementor-section elementor-top-section elementor-element elementor-element-a8aa5b6 elementor-section-boxed elementor-section-height-default elementor-section-height-default\" data-id=\"a8aa5b6\" data-element_type=\"section\">\n\t\t\t\t\t\t<div class=\"elementor-container elementor-column-gap-default\">\n\t\t\t\t\t<div class=\"elementor-column elementor-col-100 elementor-top-column elementor-element elementor-element-6d937af\" data-id=\"6d937af\" data-element_type=\"column\">\n\t\t\t<div class=\"elementor-widget-wrap elementor-element-populated\">\n\t\t\t\t\t\t\t\t<div class=\"elementor-element elementor-element-7f529b7 elementor-widget elementor-widget-html\" data-id=\"7f529b7\" data-element_type=\"widget\" data-widget_type=\"html.default\">\n\t\t\t\t<div class=\"elementor-widget-container\">\n\t\t\t<div class=\"VedlikeholdInnledning\">\r\nHver leilighet har en tr\u00e5dl\u00f8s termostat i hvert rom for \u00e5 styre oppvarmingen. Termostatene kommuniserer med en mottaker i boden, som igjen styrer hvor mye varmt vann som g\u00e5r i vannr\u00f8rene i gulvet i hvert rom.<br \/><br \/>\r\n\r\nHver termostat drives av 2 batterier (type alkaliske AA\/LR6), og kan vare 3-4 \u00e5r - avhengig av kvaliteten til batteriene.<br \/><br \/>\r\n\r\nTid arbeidet tar: 5-10 minutter\r\n<\/div>\r\n\t\t<\/div>\n\t\t\t\t<\/div>\n\t\t\t\t\t<\/div>\n\t\t<\/div>\n\t\t\t\t\t\t\t<\/div>\n\t\t<\/section>\n\t\t\t\t<section class=\"elementor-section elementor-top-section elementor-element elementor-element-1fa8fee elementor-section-boxed elementor-section-height-default elementor-section-height-default\" data-id=\"1fa8fee\" data-element_type=\"section\">\n\t\t\t\t\t\t<div class=\"elementor-container elementor-column-gap-default\">\n\t\t\t\t\t<div class=\"elementor-column elementor-col-50 elementor-top-column elementor-element elementor-element-f68f859\" data-id=\"f68f859\" data-element_type=\"column\">\n\t\t\t<div class=\"elementor-widget-wrap elementor-element-populated\">\n\t\t\t\t\t\t\t\t<div class=\"elementor-element elementor-element-ed1b2a0 elementor-widget elementor-widget-html\" data-id=\"ed1b2a0\" data-element_type=\"widget\" data-widget_type=\"html.default\">\n\t\t\t\t<div class=\"elementor-widget-container\">\n\t\t\t<div class=\"VedlikeholdMenyContainer\">\n    <div class=\"VedlikeholdTekst\">\n        1. Termostaten l\u00f8snes fra veggfestet ved \u00e5 trykke inn en rund knapp p\u00e5 venstre side (sett forfra).\n    <\/div>\n    <div class=\"VedlikeholdBilde\">\n        <img decoding=\"async\" class=\"\" src=\"https:\/\/bregnefaret.no\/wp-content\/uploads\/2023\/03\/Romtermostat_01.jpg\" alt=\"Romtermostat\" \/>\n    <\/div>\n<\/div>\t\t<\/div>\n\t\t\t\t<\/div>\n\t\t\t\t\t<\/div>\n\t\t<\/div>\n\t\t\t\t<div class=\"elementor-column elementor-col-50 elementor-top-column elementor-element elementor-element-cc98c5a\" data-id=\"cc98c5a\" data-element_type=\"column\">\n\t\t\t<div class=\"elementor-widget-wrap elementor-element-populated\">\n\t\t\t\t\t\t\t\t<div class=\"elementor-element elementor-element-483670d elementor-widget elementor-widget-html\" data-id=\"483670d\" data-element_type=\"widget\" data-widget_type=\"html.default\">\n\t\t\t\t<div class=\"elementor-widget-container\">\n\t\t\t<div class=\"VedlikeholdMenyContainer\">\n    <div class=\"VedlikeholdTekst\">\n        2. Bruk en skrutrekker e.l. for \u00e5 trykke inn knappen. Termostaten l\u00f8sner fort fra festet sitt, pass derfor p\u00e5 at den ikke faller i gulvet.\n    <\/div>\n    <div class=\"VedlikeholdBilde\">\n        <img decoding=\"async\" class=\"\" src=\"https:\/\/bregnefaret.no\/wp-content\/uploads\/2023\/03\/Romtermostat_02.jpg\" alt=\"Romtermostat\" \/>\n    <\/div>\n<\/div>\t\t<\/div>\n\t\t\t\t<\/div>\n\t\t\t\t\t<\/div>\n\t\t<\/div>\n\t\t\t\t\t\t\t<\/div>\n\t\t<\/section>\n\t\t\t\t<section class=\"elementor-section elementor-top-section elementor-element elementor-element-5fbd944 elementor-section-boxed elementor-section-height-default elementor-section-height-default\" data-id=\"5fbd944\" data-element_type=\"section\">\n\t\t\t\t\t\t<div class=\"elementor-container elementor-column-gap-default\">\n\t\t\t\t\t<div class=\"elementor-column elementor-col-50 elementor-top-column elementor-element elementor-element-3e28faa\" data-id=\"3e28faa\" data-element_type=\"column\">\n\t\t\t<div class=\"elementor-widget-wrap elementor-element-populated\">\n\t\t\t\t\t\t\t\t<div class=\"elementor-element elementor-element-28070a9 elementor-widget elementor-widget-html\" data-id=\"28070a9\" data-element_type=\"widget\" data-widget_type=\"html.default\">\n\t\t\t\t<div class=\"elementor-widget-container\">\n\t\t\t<div class=\"VedlikeholdMenyContainer\">\n    <div class=\"VedlikeholdTekst\">\n        3. Skift ut batteriene med 2 nye alkaliske AA\/LR6-batterier. Termostaten skrur seg automatisk p\u00e5 n\u00e5r batteriene settes inn.\n    <\/div>\n    <div class=\"VedlikeholdBilde\">\n        <img decoding=\"async\" class=\"\" src=\"https:\/\/bregnefaret.no\/wp-content\/uploads\/2023\/03\/Romtermostat_03.jpg\" alt=\"Romtermostat\" \/>\n    <\/div>\n<\/div>\t\t<\/div>\n\t\t\t\t<\/div>\n\t\t\t\t\t<\/div>\n\t\t<\/div>\n\t\t\t\t<div class=\"elementor-column elementor-col-50 elementor-top-column elementor-element elementor-element-ec9c43f\" data-id=\"ec9c43f\" data-element_type=\"column\">\n\t\t\t<div class=\"elementor-widget-wrap elementor-element-populated\">\n\t\t\t\t\t\t\t\t<div class=\"elementor-element elementor-element-5fcc4b3 elementor-widget elementor-widget-html\" data-id=\"5fcc4b3\" data-element_type=\"widget\" data-widget_type=\"html.default\">\n\t\t\t\t<div class=\"elementor-widget-container\">\n\t\t\t<div class=\"VedlikeholdMenyContainer\">\n    <div class=\"VedlikeholdTekst\">\n        4. For \u00e5 feste termostaten til veggfestet; hekt h\u00f8yre side p\u00e5 2 plasthaker, og press den runde knappen (p\u00e5 venstre side) inn med fingeren - og press termostaten p\u00e5 plass.\n    <\/div>\n    <div class=\"VedlikeholdBilde\">\n        <img decoding=\"async\" class=\"\" src=\"https:\/\/bregnefaret.no\/wp-content\/uploads\/2023\/03\/Romtermostat_04.jpg\" alt=\"Romtermostat\" \/>\n    <\/div>\n<\/div>\t\t<\/div>\n\t\t\t\t<\/div>\n\t\t\t\t\t<\/div>\n\t\t<\/div>\n\t\t\t\t\t\t\t<\/div>\n\t\t<\/section>\n\t\t\t\t<section class=\"elementor-section elementor-top-section elementor-element elementor-element-e828bde elementor-section-boxed elementor-section-height-default elementor-section-height-default\" data-id=\"e828bde\" data-element_type=\"section\">\n\t\t\t\t\t\t<div class=\"elementor-container elementor-column-gap-default\">\n\t\t\t\t\t<div class=\"elementor-column elementor-col-50 elementor-top-column elementor-element elementor-element-aff9020\" data-id=\"aff9020\" data-element_type=\"column\">\n\t\t\t<div class=\"elementor-widget-wrap elementor-element-populated\">\n\t\t\t\t\t\t\t\t<div class=\"elementor-element elementor-element-6d70e65 elementor-widget elementor-widget-html\" data-id=\"6d70e65\" data-element_type=\"widget\" data-widget_type=\"html.default\">\n\t\t\t\t<div class=\"elementor-widget-container\">\n\t\t\t<div class=\"VedlikeholdMenyContainer\">\n    <div class=\"VedlikeholdTekst\">\n        5. Juster eventuelt innstillingene for Av\/P\u00e5 eller \u00f8nsket temperatur.\nBruksanvisning finnes under menyvalget Dokumenter og \"Annen informasjon\".\n    <\/div>\n    <div class=\"VedlikeholdBilde\">\n        <img decoding=\"async\" class=\"\" src=\"https:\/\/bregnefaret.no\/wp-content\/uploads\/2023\/03\/Romtermostat_05.jpg\" alt=\"Romtermostat\" \/>\n    <\/div>\n<\/div>\t\t<\/div>\n\t\t\t\t<\/div>\n\t\t\t\t\t<\/div>\n\t\t<\/div>\n\t\t\t\t<div class=\"elementor-column elementor-col-50 elementor-top-column elementor-element elementor-element-a5c716c\" data-id=\"a5c716c\" data-element_type=\"column\">\n\t\t\t<div class=\"elementor-widget-wrap elementor-element-populated\">\n\t\t\t\t\t\t\t\t\t<\/div>\n\t\t<\/div>\n\t\t\t\t\t\t\t<\/div>\n\t\t<\/section>\n\t\t\t\t\t\t\t<\/div>\n\t\t","protected":false},"excerpt":{"rendered":"<p>Vedikehold &#8211; Romtermostater (skifte batteri) Hver leilighet har en tr\u00e5dl\u00f8s termostat i hvert rom for \u00e5 styre oppvarmingen. Termostatene kommuniserer med en mottaker i boden, som igjen styrer hvor mye &#8230;<\/p>\n","protected":false},"author":1,"featured_media":0,"parent":0,"menu_order":0,"comment_status":"closed","ping_status":"closed","template":"elementor_header_footer","meta":[],"_links":{"self":[{"href":"https:\/\/bregnefaret.no\/index.php?rest_route=\/wp\/v2\/pages\/662"}],"collection":[{"href":"https:\/\/bregnefaret.no\/index.php?rest_route=\/wp\/v2\/pages"}],"about":[{"href":"https:\/\/bregnefaret.no\/index.php?rest_route=\/wp\/v2\/types\/page"}],"author":[{"embeddable":true,"href":"https:\/\/bregnefaret.no\/index.php?rest_route=\/wp\/v2\/users\/1"}],"replies":[{"embeddable":true,"href":"https:\/\/bregnefaret.no\/index.php?rest_route=%2Fwp%2Fv2%2Fcomments&post=662"}],"version-history":[{"count":4,"href":"https:\/\/bregnefaret.no\/index.php?rest_route=\/wp\/v2\/pages\/662\/revisions"}],"predecessor-version":[{"id":666,"href":"https:\/\/bregnefaret.no\/index.php?rest_route=\/wp\/v2\/pages\/662\/revisions\/666"}],"wp:attachment":[{"href":"https:\/\/bregnefaret.no\/index.php?rest_route=%2Fwp%2Fv2%2Fmedia&parent=662"}],"curies":[{"name":"wp","href":"https:\/\/api.w.org\/{rel}","templated":true}]}}